{"id":279,"date":"2020-06-06T08:49:12","date_gmt":"2020-06-06T08:49:12","guid":{"rendered":"http:\/\/jazzband-berlin.eu\/?page_id=279"},"modified":"2020-06-27T09:37:33","modified_gmt":"2020-06-27T09:37:33","slug":"home","status":"publish","type":"page","link":"https:\/\/jazzband-berlin.eu\/","title":{"rendered":"Home"},"content":{"rendered":"\n<div class=\"wp-block-columns is-layout-flex wp-container-core-columns-is-layout-9d6595d7 wp-block-columns-is-layout-flex\">\n<div class=\"wp-block-column is-layout-flow wp-block-column-is-layout-flow\" style=\"flex-basis:33.33%\">\n<h2 class=\"wp-block-heading\">VocalJazzTrio<\/h2>\n\n\n\n<p>Das Vocaljazz Trio bietet Ihnen den charmanten und stilvollen musikalischen Rahmen f\u00fcr ihre Feierlichkeit oder Veranstaltung. Das Konzept des VocalJazzTrios eignet sich perfekt f\u00fcr die dezente musikalische Begleitung sowohl von Empf\u00e4ngen, Hochzeiten, Galaveranstaltungen, Messen, eleganten Dinners, Familienfeiern, GetTogethers als auch als Programmpunkt bei Festivals, Lesungen, Vortr\u00e4gen, Preis- &amp; Diplomverleihungen.<\/p>\n<\/div>\n\n\n\n<div class=\"wp-block-column is-layout-flow wp-block-column-is-layout-flow\" style=\"flex-basis:66.66%\">\n<figure class=\"wp-block-image size-large\"><img loading=\"lazy\" decoding=\"async\" width=\"1024\" height=\"804\" src=\"http:\/\/jazzband-berlin.eu\/wp-content\/uploads\/2020\/06\/VocalJazzTrio-STAND-ARTS-Alte-Fo\u0308rsterei-1024x804.jpg\" alt=\"\" class=\"wp-image-163\" srcset=\"https:\/\/jazzband-berlin.eu\/wp-content\/uploads\/2020\/06\/VocalJazzTrio-STAND-ARTS-Alte-Fo\u0308rsterei-1024x804.jpg 1024w, https:\/\/jazzband-berlin.eu\/wp-content\/uploads\/2020\/06\/VocalJazzTrio-STAND-ARTS-Alte-Fo\u0308rsterei-300x236.jpg 300w, https:\/\/jazzband-berlin.eu\/wp-content\/uploads\/2020\/06\/VocalJazzTrio-STAND-ARTS-Alte-Fo\u0308rsterei-768x603.jpg 768w, https:\/\/jazzband-berlin.eu\/wp-content\/uploads\/2020\/06\/VocalJazzTrio-STAND-ARTS-Alte-Fo\u0308rsterei-1536x1206.jpg 1536w, https:\/\/jazzband-berlin.eu\/wp-content\/uploads\/2020\/06\/VocalJazzTrio-STAND-ARTS-Alte-Fo\u0308rsterei-2048x1608.jpg 2048w\" sizes=\"auto, (max-width: 706px) 89vw, (max-width: 767px) 82vw, 740px\" \/><\/figure>\n\n\n\n<figure class=\"wp-block-image size-large\"><img loading=\"lazy\" decoding=\"async\" width=\"1024\" height=\"876\" src=\"http:\/\/jazzband-berlin.eu\/wp-content\/uploads\/2020\/06\/Vocaljazz-Trio-STAND-ARTs-1024x876.jpg\" alt=\"\" class=\"wp-image-160\" srcset=\"https:\/\/jazzband-berlin.eu\/wp-content\/uploads\/2020\/06\/Vocaljazz-Trio-STAND-ARTs-1024x876.jpg 1024w, https:\/\/jazzband-berlin.eu\/wp-content\/uploads\/2020\/06\/Vocaljazz-Trio-STAND-ARTs-300x257.jpg 300w, https:\/\/jazzband-berlin.eu\/wp-content\/uploads\/2020\/06\/Vocaljazz-Trio-STAND-ARTs-768x657.jpg 768w, https:\/\/jazzband-berlin.eu\/wp-content\/uploads\/2020\/06\/Vocaljazz-Trio-STAND-ARTs-1536x1313.jpg 1536w, https:\/\/jazzband-berlin.eu\/wp-content\/uploads\/2020\/06\/Vocaljazz-Trio-STAND-ARTs-2048x1751.jpg 2048w\" sizes=\"auto, (max-width: 706px) 89vw, (max-width: 767px) 82vw, 740px\" \/><\/figure>\n<\/div>\n<\/div>\n","protected":false},"excerpt":{"rendered":"<p>VocalJazzTrio Das Vocaljazz Trio bietet Ihnen den charmanten und stilvollen musikalischen Rahmen f\u00fcr ihre Feierlichkeit oder Veranstaltung. Das Konzept des VocalJazzTrios eignet sich perfekt f\u00fcr die dezente musikalische Begleitung sowohl von Empf\u00e4ngen, Hochzeiten, Galaveranstaltungen, Messen, eleganten Dinners, Familienfeiern, GetTogethers als auch als Programmpunkt bei Festivals, Lesungen, Vortr\u00e4gen, Preis- &amp; Diplomverleihungen.<\/p>\n","protected":false},"author":1,"featured_media":0,"parent":0,"menu_order":0,"comment_status":"closed","ping_status":"closed","template":"","meta":{"footnotes":""},"class_list":["post-279","page","type-page","status-publish","hentry"],"aioseo_notices":[],"_links":{"self":[{"href":"https:\/\/jazzband-berlin.eu\/index.php?rest_route=\/wp\/v2\/pages\/279","targetHints":{"allow":["GET"]}}],"collection":[{"href":"https:\/\/jazzband-berlin.eu\/index.php?rest_route=\/wp\/v2\/pages"}],"about":[{"href":"https:\/\/jazzband-berlin.eu\/index.php?rest_route=\/wp\/v2\/types\/page"}],"author":[{"embeddable":true,"href":"https:\/\/jazzband-berlin.eu\/index.php?rest_route=\/wp\/v2\/users\/1"}],"replies":[{"embeddable":true,"href":"https:\/\/jazzband-berlin.eu\/index.php?rest_route=%2Fwp%2Fv2%2Fcomments&post=279"}],"version-history":[{"count":9,"href":"https:\/\/jazzband-berlin.eu\/index.php?rest_route=\/wp\/v2\/pages\/279\/revisions"}],"predecessor-version":[{"id":367,"href":"https:\/\/jazzband-berlin.eu\/index.php?rest_route=\/wp\/v2\/pages\/279\/revisions\/367"}],"wp:attachment":[{"href":"https:\/\/jazzband-berlin.eu\/index.php?rest_route=%2Fwp%2Fv2%2Fmedia&parent=279"}],"curies":[{"name":"wp","href":"https:\/\/api.w.org\/{rel}","templated":true}]}}