{"id":299,"date":"2020-06-06T09:18:18","date_gmt":"2020-06-06T09:18:18","guid":{"rendered":"http:\/\/jazzband-berlin.eu\/?page_id=299"},"modified":"2020-06-27T08:19:39","modified_gmt":"2020-06-27T08:19:39","slug":"personen","status":"publish","type":"page","link":"https:\/\/jazzband-berlin.eu\/?page_id=299","title":{"rendered":"Personen"},"content":{"rendered":"\n<p style=\"font-size:22px\"><strong>STAND-ARTS VocalJazzTrio<\/strong><\/p>\n\n\n\n<p>Die Musiker von STAND-ARTS sind ausnahmslos studierte und renommierte Profimusiker mit internationaler Auftrittserfahrung und besten Referenzen.&nbsp;Einige der Musiker von STAND-ARTS haben bereits f\u00fcr Bands und K\u00fcnstler wie Caterina Valente, Dave Brubeck, Stephan\u00e8 Grapelli, Eartha Kitt, Udo J\u00fcrgens, Dionne Warwick, Gloria Gaynor, Nancy Wilson, Liza Minnelli, Till Br\u00f6nner, Ray Brown, Pepe Lienhard, Hildegard Knef, Natalie Cole, Roger Cicero, Manfred Krug, Quincy Jones, Ute Lemper, Paul Kuhn, die Big Band des Hessischen Rundfunks, der RIAS-BIG Band u.a. gespielt..<\/p>\n\n\n\n<div class=\"wp-block-columns is-layout-flex wp-container-core-columns-is-layout-9d6595d7 wp-block-columns-is-layout-flex\">\n<div class=\"wp-block-column is-layout-flow wp-block-column-is-layout-flow\">\n<figure class=\"wp-block-image size-large is-resized\"><img loading=\"lazy\" decoding=\"async\" src=\"http:\/\/jazzband-berlin.eu\/wp-content\/uploads\/2020\/06\/Juliane-Session-2019-1024x683.jpg\" alt=\"Jazzs\u00e4ngerin Jazzsinger\" class=\"wp-image-170\" width=\"228\" height=\"152\" srcset=\"https:\/\/jazzband-berlin.eu\/wp-content\/uploads\/2020\/06\/Juliane-Session-2019-1024x683.jpg 1024w, https:\/\/jazzband-berlin.eu\/wp-content\/uploads\/2020\/06\/Juliane-Session-2019-300x200.jpg 300w, https:\/\/jazzband-berlin.eu\/wp-content\/uploads\/2020\/06\/Juliane-Session-2019-768x512.jpg 768w, https:\/\/jazzband-berlin.eu\/wp-content\/uploads\/2020\/06\/Juliane-Session-2019-1536x1024.jpg 1536w, https:\/\/jazzband-berlin.eu\/wp-content\/uploads\/2020\/06\/Juliane-Session-2019-2048x1365.jpg 2048w\" sizes=\"auto, (max-width: 228px) 100vw, 228px\" \/><\/figure>\n\n\n\n<h2 class=\"wp-block-heading\"><strong>Juliane Johannsen <\/strong>&#8211; Vocals<\/h2>\n\n\n\n<p>Im Laufe ihrer musikalischen Karriere hat Juliane Johannsen stets die Herzen des Publikums und die Aufmerksamkeit ihrer Zuh\u00f6rer gewonnen. Ihre einzigartige Stimme und ihr Sound ber\u00fchren die Seele. Sie ist eine herausragende Performerin und eine facettenreiche S\u00e4ngerin.<\/p>\n<\/div>\n\n\n\n<div class=\"wp-block-column is-layout-flow wp-block-column-is-layout-flow\">\n<figure class=\"wp-block-image size-large is-resized\"><img loading=\"lazy\" decoding=\"async\" src=\"http:\/\/jazzband-berlin.eu\/wp-content\/uploads\/2020\/05\/andreas-8802-1024x682.jpg\" alt=\"Jazzgitarrist Jazzguitarist Guitarist Berlin\" class=\"wp-image-32\" width=\"232\" height=\"154\" srcset=\"https:\/\/jazzband-berlin.eu\/wp-content\/uploads\/2020\/05\/andreas-8802-1024x682.jpg 1024w, https:\/\/jazzband-berlin.eu\/wp-content\/uploads\/2020\/05\/andreas-8802-300x200.jpg 300w, https:\/\/jazzband-berlin.eu\/wp-content\/uploads\/2020\/05\/andreas-8802-768x511.jpg 768w, https:\/\/jazzband-berlin.eu\/wp-content\/uploads\/2020\/05\/andreas-8802-1536x1022.jpg 1536w, https:\/\/jazzband-berlin.eu\/wp-content\/uploads\/2020\/05\/andreas-8802-2048x1363.jpg 2048w, https:\/\/jazzband-berlin.eu\/wp-content\/uploads\/2020\/05\/andreas-8802-90x60.jpg 90w, https:\/\/jazzband-berlin.eu\/wp-content\/uploads\/2020\/05\/andreas-8802-374x249.jpg 374w\" sizes=\"auto, (max-width: 232px) 100vw, 232px\" \/><\/figure>\n\n\n\n<h2 class=\"wp-block-heading\"><strong>Andreas G\u00e4bel<\/strong> &#8211; Guitar<\/h2>\n\n\n\n<p>Studium der Gitarre an der HdK \u2013 Berlin. Jazzgitarrenunterricht bei Michael Gechter, Attila Zoller und Joe Pass. Zusammenarbeit mit Dionne Warwick, Udo J\u00fcrgens, Caterina Valente, Horst Jankowski, Pepe Lienhard, Eartha Kitt, Roger Cicero, Liza Minelli u.v.a.<\/p>\n<\/div>\n\n\n\n<div class=\"wp-block-column is-layout-flow wp-block-column-is-layout-flow\">\n<figure class=\"wp-block-image size-large is-resized\"><img loading=\"lazy\" decoding=\"async\" src=\"http:\/\/jazzband-berlin.eu\/wp-content\/uploads\/2020\/06\/instrumentalisten-9452-1024x681.jpg\" alt=\"\" class=\"wp-image-300\" width=\"233\" height=\"155\" srcset=\"https:\/\/jazzband-berlin.eu\/wp-content\/uploads\/2020\/06\/instrumentalisten-9452-1024x681.jpg 1024w, https:\/\/jazzband-berlin.eu\/wp-content\/uploads\/2020\/06\/instrumentalisten-9452-300x200.jpg 300w, https:\/\/jazzband-berlin.eu\/wp-content\/uploads\/2020\/06\/instrumentalisten-9452-768x511.jpg 768w, https:\/\/jazzband-berlin.eu\/wp-content\/uploads\/2020\/06\/instrumentalisten-9452-1536x1022.jpg 1536w, https:\/\/jazzband-berlin.eu\/wp-content\/uploads\/2020\/06\/instrumentalisten-9452-2048x1363.jpg 2048w\" sizes=\"auto, (max-width: 233px) 100vw, 233px\" \/><\/figure>\n\n\n\n<h2 class=\"wp-block-heading\"><strong>Nesin Howhannesijan<\/strong> &#8211; Bass<\/h2>\n\n\n\n<p>Kontrabass und Jazzstudium am Berklee College Of Music in Boston, USA. Zusammenarbeit mit Herb Geller, Niels Landgren, Leszek Mo\u017cd\u017cer, Rolf K\u00fchn, Dusko Goykovic, Hiromi Uehara, Gevorg Dabaghyan,Vardan Ovsepian u.v.a<\/p>\n<\/div>\n<\/div>\n","protected":false},"excerpt":{"rendered":"<p>STAND-ARTS VocalJazzTrio Die Musiker von STAND-ARTS sind ausnahmslos studierte und renommierte Profimusiker mit internationaler Auftrittserfahrung und besten Referenzen.&nbsp;Einige der Musiker von STAND-ARTS haben bereits f\u00fcr Bands und K\u00fcnstler wie Caterina Valente, Dave Brubeck, Stephan\u00e8 Grapelli, Eartha Kitt, Udo J\u00fcrgens, Dionne Warwick, Gloria Gaynor, Nancy Wilson, Liza Minnelli, Till Br\u00f6nner, Ray Brown, Pepe Lienhard, Hildegard Knef, &hellip; <\/p>\n<p class=\"link-more\"><a href=\"https:\/\/jazzband-berlin.eu\/?page_id=299\" class=\"more-link\"><span class=\"screen-reader-text\">\u201ePersonen\u201c <\/span>weiterlesen<\/a><\/p>\n","protected":false},"author":1,"featured_media":0,"parent":0,"menu_order":0,"comment_status":"closed","ping_status":"closed","template":"","meta":{"footnotes":""},"class_list":["post-299","page","type-page","status-publish","hentry"],"aioseo_notices":[],"_links":{"self":[{"href":"https:\/\/jazzband-berlin.eu\/index.php?rest_route=\/wp\/v2\/pages\/299","targetHints":{"allow":["GET"]}}],"collection":[{"href":"https:\/\/jazzband-berlin.eu\/index.php?rest_route=\/wp\/v2\/pages"}],"about":[{"href":"https:\/\/jazzband-berlin.eu\/index.php?rest_route=\/wp\/v2\/types\/page"}],"author":[{"embeddable":true,"href":"https:\/\/jazzband-berlin.eu\/index.php?rest_route=\/wp\/v2\/users\/1"}],"replies":[{"embeddable":true,"href":"https:\/\/jazzband-berlin.eu\/index.php?rest_route=%2Fwp%2Fv2%2Fcomments&post=299"}],"version-history":[{"count":11,"href":"https:\/\/jazzband-berlin.eu\/index.php?rest_route=\/wp\/v2\/pages\/299\/revisions"}],"predecessor-version":[{"id":363,"href":"https:\/\/jazzband-berlin.eu\/index.php?rest_route=\/wp\/v2\/pages\/299\/revisions\/363"}],"wp:attachment":[{"href":"https:\/\/jazzband-berlin.eu\/index.php?rest_route=%2Fwp%2Fv2%2Fmedia&parent=299"}],"curies":[{"name":"wp","href":"https:\/\/api.w.org\/{rel}","templated":true}]}}